{"id":17,"date":"2026-01-22T11:36:10","date_gmt":"2026-01-22T11:36:10","guid":{"rendered":"https:\/\/zelaiaastrabudua.rkinformatika.online\/?page_id=17"},"modified":"2026-01-22T13:59:05","modified_gmt":"2026-01-22T13:59:05","slug":"servicios","status":"publish","type":"page","link":"https:\/\/zelaiaastrabudua.com\/eu\/servicios\/","title":{"rendered":"Zerbitzuak"},"content":{"rendered":"<div data-elementor-type=\"wp-page\" data-elementor-id=\"17\" class=\"elementor elementor-17\" data-elementor-post-type=\"page\">\n\t\t\t\t<div class=\"elementor-element elementor-element-918eab7 e-flex e-con-boxed e-con e-parent\" data-id=\"918eab7\" data-element_type=\"container\" data-e-type=\"container\" data-settings=\"{&quot;background_background&quot;:&quot;classic&quot;}\">\n\t\t\t\t\t<div class=\"e-con-inner\">\n\t\t\t\t<div class=\"elementor-element elementor-element-146e657 elementor-invisible elementor-widget elementor-widget-heading\" data-id=\"146e657\" data-element_type=\"widget\" data-e-type=\"widget\" data-settings=\"{&quot;_animation&quot;:&quot;fadeInLeft&quot;}\" data-widget_type=\"heading.default\">\n\t\t\t\t\t<h2 class=\"elementor-heading-title elementor-size-default\">Tradici\u00f3n familiar en frutas y verduras.<\/h2>\t\t\t\t<\/div>\n\t\t\t\t\t<\/div>\n\t\t\t\t<\/div>\n\t\t<div class=\"elementor-element elementor-element-181ecaf e-flex e-con-boxed e-con e-parent\" data-id=\"181ecaf\" data-element_type=\"container\" data-e-type=\"container\">\n\t\t\t\t\t<div class=\"e-con-inner\">\n\t\t\t\t<div class=\"elementor-element elementor-element-fb9ba0d elementor-widget elementor-widget-heading\" data-id=\"fb9ba0d\" data-element_type=\"widget\" data-e-type=\"widget\" data-widget_type=\"heading.default\">\n\t\t\t\t\t<h2 class=\"elementor-heading-title elementor-size-default\">Frutas y verduras frescas, todos los d\u00edas.<\/h2>\t\t\t\t<\/div>\n\t\t\t\t\t<\/div>\n\t\t\t\t<\/div>\n\t\t<div class=\"elementor-element elementor-element-d50f40f e-flex e-con-boxed e-con e-parent\" data-id=\"d50f40f\" data-element_type=\"container\" data-e-type=\"container\">\n\t\t\t\t\t<div class=\"e-con-inner\">\n\t\t<div class=\"elementor-element elementor-element-c6a43ee e-con-full e-flex e-con e-child\" data-id=\"c6a43ee\" data-element_type=\"container\" data-e-type=\"container\" data-settings=\"{&quot;background_background&quot;:&quot;classic&quot;}\">\n\t\t\t\t<div class=\"elementor-element elementor-element-888d513 elementor-widget elementor-widget-heading\" data-id=\"888d513\" data-element_type=\"widget\" data-e-type=\"widget\" data-widget_type=\"heading.default\">\n\t\t\t\t\t<h2 class=\"elementor-heading-title elementor-size-default\">Frutas y verduras de temporada<\/h2>\t\t\t\t<\/div>\n\t\t\t\t<div class=\"elementor-element elementor-element-a4878dd elementor-widget elementor-widget-text-editor\" data-id=\"a4878dd\" data-element_type=\"widget\" data-e-type=\"widget\" data-widget_type=\"text-editor.default\">\n\t\t\t\t\t\t\t\t\t<p>Seleccionamos productos frescos de cada estaci\u00f3n, garantizando sabor, calidad y el mejor precio durante todo el a\u00f1o<\/p>\t\t\t\t\t\t\t\t<\/div>\n\t\t\t\t<\/div>\n\t\t<div class=\"elementor-element elementor-element-85902b5 e-con-full e-flex e-con e-child\" data-id=\"85902b5\" data-element_type=\"container\" data-e-type=\"container\" data-settings=\"{&quot;background_background&quot;:&quot;classic&quot;}\">\n\t\t\t\t<div class=\"elementor-element elementor-element-4dda1cd elementor-widget elementor-widget-heading\" data-id=\"4dda1cd\" data-element_type=\"widget\" data-e-type=\"widget\" data-widget_type=\"heading.default\">\n\t\t\t\t\t<h2 class=\"elementor-heading-title elementor-size-default\">Frutas y verduras de importaci\u00f3n<\/h2>\t\t\t\t<\/div>\n\t\t\t\t<div class=\"elementor-element elementor-element-f104b47 elementor-widget elementor-widget-text-editor\" data-id=\"f104b47\" data-element_type=\"widget\" data-e-type=\"widget\" data-widget_type=\"text-editor.default\">\n\t\t\t\t\t\t\t\t\t<p>Ofrecemos una cuidada variedad de productos importados, manteniendo altos est\u00e1ndares de frescura y calidad para completar tu compra.<\/p>\t\t\t\t\t\t\t\t<\/div>\n\t\t\t\t<\/div>\n\t\t<div class=\"elementor-element elementor-element-90061cf e-con-full e-flex e-con e-child\" data-id=\"90061cf\" data-element_type=\"container\" data-e-type=\"container\" data-settings=\"{&quot;background_background&quot;:&quot;classic&quot;}\">\n\t\t\t\t<div class=\"elementor-element elementor-element-793a536 elementor-widget elementor-widget-heading\" data-id=\"793a536\" data-element_type=\"widget\" data-e-type=\"widget\" data-widget_type=\"heading.default\">\n\t\t\t\t\t<h2 class=\"elementor-heading-title elementor-size-default\">Venta al por menor<\/h2>\t\t\t\t<\/div>\n\t\t\t\t<div class=\"elementor-element elementor-element-53c1e37 elementor-widget elementor-widget-text-editor\" data-id=\"53c1e37\" data-element_type=\"widget\" data-e-type=\"widget\" data-widget_type=\"text-editor.default\">\n\t\t\t\t\t\t\t\t\t<p data-start=\"455\" data-end=\"593\">Atendemos al p\u00fablico con un trato cercano y personalizado, pensada para quienes buscan confianza, variedad y productos bien seleccionados.<\/p>\t\t\t\t\t\t\t\t<\/div>\n\t\t\t\t<\/div>\n\t\t\t\t\t<\/div>\n\t\t\t\t<\/div>\n\t\t<div class=\"elementor-element elementor-element-86d01ad e-flex e-con-boxed e-con e-parent\" data-id=\"86d01ad\" data-element_type=\"container\" data-e-type=\"container\" data-settings=\"{&quot;background_background&quot;:&quot;classic&quot;}\">\n\t\t\t\t\t<div class=\"e-con-inner\">\n\t\t\t\t<div class=\"elementor-element elementor-element-7e92ffe elementor-widget elementor-widget-heading\" data-id=\"7e92ffe\" data-element_type=\"widget\" data-e-type=\"widget\" data-widget_type=\"heading.default\">\n\t\t\t\t\t<h2 class=\"elementor-heading-title elementor-size-default\">Estamos aqu\u00ed para ayudarte<\/h2>\t\t\t\t<\/div>\n\t\t\t\t<div class=\"elementor-element elementor-element-93aee49 elementor-align-center elementor-widget elementor-widget-button\" data-id=\"93aee49\" data-element_type=\"widget\" data-e-type=\"widget\" data-widget_type=\"button.default\">\n\t\t\t\t\t\t\t\t\t\t<a class=\"elementor-button elementor-button-link elementor-size-sm\" href=\"https:\/\/zelaiaastrabudua.com\/eu\/contacto\/\">\n\t\t\t\t\t\t<span class=\"elementor-button-content-wrapper\">\n\t\t\t\t\t\t\t\t\t<span class=\"elementor-button-text\">Kontaktua<\/span>\n\t\t\t\t\t<\/span>\n\t\t\t\t\t<\/a>\n\t\t\t\t\t\t\t\t<\/div>\n\t\t\t\t\t<\/div>\n\t\t\t\t<\/div>\n\t\t\t\t<\/div>","protected":false},"excerpt":{"rendered":"<p>Tradici\u00f3n familiar en frutas y verduras. Frutas y verduras frescas, todos los d\u00edas. Frutas y verduras de temporada Seleccionamos productos frescos de cada estaci\u00f3n, garantizando sabor, calidad y el mejor precio durante todo el a\u00f1o Frutas y verduras de importaci\u00f3n Ofrecemos una cuidada variedad de productos importados, manteniendo altos est\u00e1ndares de frescura y calidad para [&hellip;]<\/p>\n","protected":false},"author":1,"featured_media":0,"parent":0,"menu_order":0,"comment_status":"closed","ping_status":"closed","template":"elementor_canvas","meta":{"footnotes":""},"class_list":["post-17","page","type-page","status-publish","hentry"],"yoast_head":"<!-- This site is optimized with the Yoast SEO plugin v27.5 - https:\/\/yoast.com\/product\/yoast-seo-wordpress\/ -->\n<title>Servicios - Zelaia Astrabudua<\/title>\n<meta name=\"robots\" content=\"index, follow, max-snippet:-1, max-image-preview:large, max-video-preview:-1\" \/>\n<link rel=\"canonical\" href=\"https:\/\/zelaiaastrabudua.com\/eu\/servicios\/\" \/>\n<meta property=\"og:locale\" content=\"en_US\" \/>\n<meta property=\"og:type\" content=\"article\" \/>\n<meta property=\"og:title\" content=\"Servicios - Zelaia Astrabudua\" \/>\n<meta property=\"og:description\" content=\"Tradici\u00f3n familiar en frutas y verduras. Frutas y verduras frescas, todos los d\u00edas. Frutas y verduras de temporada Seleccionamos productos frescos de cada estaci\u00f3n, garantizando sabor, calidad y el mejor precio durante todo el a\u00f1o Frutas y verduras de importaci\u00f3n Ofrecemos una cuidada variedad de productos importados, manteniendo altos est\u00e1ndares de frescura y calidad para [&hellip;]\" \/>\n<meta property=\"og:url\" content=\"https:\/\/zelaiaastrabudua.com\/eu\/servicios\/\" \/>\n<meta property=\"og:site_name\" content=\"Zelaia Astrabudua\" \/>\n<meta property=\"article:modified_time\" content=\"2026-01-22T13:59:05+00:00\" \/>\n<meta name=\"twitter:card\" content=\"summary_large_image\" \/>\n<meta name=\"twitter:label1\" content=\"Est. reading time\" \/>\n\t<meta name=\"twitter:data1\" content=\"1 minutua\" \/>\n<script type=\"application\/ld+json\" class=\"yoast-schema-graph\">{\"@context\":\"https:\\\/\\\/schema.org\",\"@graph\":[{\"@type\":\"WebPage\",\"@id\":\"https:\\\/\\\/zelaiaastrabudua.com\\\/servicios\\\/\",\"url\":\"https:\\\/\\\/zelaiaastrabudua.com\\\/servicios\\\/\",\"name\":\"Servicios - Zelaia Astrabudua\",\"isPartOf\":{\"@id\":\"https:\\\/\\\/zelaiaastrabudua.com\\\/#website\"},\"datePublished\":\"2026-01-22T11:36:10+00:00\",\"dateModified\":\"2026-01-22T13:59:05+00:00\",\"breadcrumb\":{\"@id\":\"https:\\\/\\\/zelaiaastrabudua.com\\\/servicios\\\/#breadcrumb\"},\"inLanguage\":\"eu\",\"potentialAction\":[{\"@type\":\"ReadAction\",\"target\":[\"https:\\\/\\\/zelaiaastrabudua.com\\\/servicios\\\/\"]}]},{\"@type\":\"BreadcrumbList\",\"@id\":\"https:\\\/\\\/zelaiaastrabudua.com\\\/servicios\\\/#breadcrumb\",\"itemListElement\":[{\"@type\":\"ListItem\",\"position\":1,\"name\":\"Portada\",\"item\":\"https:\\\/\\\/zelaiaastrabudua.com\\\/\"},{\"@type\":\"ListItem\",\"position\":2,\"name\":\"Servicios\"}]},{\"@type\":\"WebSite\",\"@id\":\"https:\\\/\\\/zelaiaastrabudua.com\\\/#website\",\"url\":\"https:\\\/\\\/zelaiaastrabudua.com\\\/\",\"name\":\"Zelaia Astrabudua\",\"description\":\"Venta al por menor de frutas y verduras \",\"publisher\":{\"@id\":\"https:\\\/\\\/zelaiaastrabudua.com\\\/#organization\"},\"potentialAction\":[{\"@type\":\"SearchAction\",\"target\":{\"@type\":\"EntryPoint\",\"urlTemplate\":\"https:\\\/\\\/zelaiaastrabudua.com\\\/?s={search_term_string}\"},\"query-input\":{\"@type\":\"PropertyValueSpecification\",\"valueRequired\":true,\"valueName\":\"search_term_string\"}}],\"inLanguage\":\"eu\"},{\"@type\":\"Organization\",\"@id\":\"https:\\\/\\\/zelaiaastrabudua.com\\\/#organization\",\"name\":\"Zelaia Astrabudua\",\"url\":\"https:\\\/\\\/zelaiaastrabudua.com\\\/\",\"logo\":{\"@type\":\"ImageObject\",\"inLanguage\":\"eu\",\"@id\":\"https:\\\/\\\/zelaiaastrabudua.com\\\/#\\\/schema\\\/logo\\\/image\\\/\",\"url\":\"https:\\\/\\\/zelaiaastrabudua.com\\\/wp-content\\\/uploads\\\/2026\\\/01\\\/cropped-frutazelaiastrabudua202601_logo_web.png\",\"contentUrl\":\"https:\\\/\\\/zelaiaastrabudua.com\\\/wp-content\\\/uploads\\\/2026\\\/01\\\/cropped-frutazelaiastrabudua202601_logo_web.png\",\"width\":2250,\"height\":2250,\"caption\":\"Zelaia Astrabudua\"},\"image\":{\"@id\":\"https:\\\/\\\/zelaiaastrabudua.com\\\/#\\\/schema\\\/logo\\\/image\\\/\"}}]}<\/script>\n<!-- \/ Yoast SEO plugin. -->","yoast_head_json":{"title":"Servicios - Zelaia Astrabudua","robots":{"index":"index","follow":"follow","max-snippet":"max-snippet:-1","max-image-preview":"max-image-preview:large","max-video-preview":"max-video-preview:-1"},"canonical":"https:\/\/zelaiaastrabudua.com\/eu\/servicios\/","og_locale":"en_US","og_type":"article","og_title":"Servicios - Zelaia Astrabudua","og_description":"Tradici\u00f3n familiar en frutas y verduras. Frutas y verduras frescas, todos los d\u00edas. Frutas y verduras de temporada Seleccionamos productos frescos de cada estaci\u00f3n, garantizando sabor, calidad y el mejor precio durante todo el a\u00f1o Frutas y verduras de importaci\u00f3n Ofrecemos una cuidada variedad de productos importados, manteniendo altos est\u00e1ndares de frescura y calidad para [&hellip;]","og_url":"https:\/\/zelaiaastrabudua.com\/eu\/servicios\/","og_site_name":"Zelaia Astrabudua","article_modified_time":"2026-01-22T13:59:05+00:00","twitter_card":"summary_large_image","twitter_misc":{"Est. reading time":"1 minutua"},"schema":{"@context":"https:\/\/schema.org","@graph":[{"@type":"WebPage","@id":"https:\/\/zelaiaastrabudua.com\/servicios\/","url":"https:\/\/zelaiaastrabudua.com\/servicios\/","name":"Servicios - Zelaia Astrabudua","isPartOf":{"@id":"https:\/\/zelaiaastrabudua.com\/#website"},"datePublished":"2026-01-22T11:36:10+00:00","dateModified":"2026-01-22T13:59:05+00:00","breadcrumb":{"@id":"https:\/\/zelaiaastrabudua.com\/servicios\/#breadcrumb"},"inLanguage":"eu","potentialAction":[{"@type":"ReadAction","target":["https:\/\/zelaiaastrabudua.com\/servicios\/"]}]},{"@type":"BreadcrumbList","@id":"https:\/\/zelaiaastrabudua.com\/servicios\/#breadcrumb","itemListElement":[{"@type":"ListItem","position":1,"name":"Portada","item":"https:\/\/zelaiaastrabudua.com\/"},{"@type":"ListItem","position":2,"name":"Servicios"}]},{"@type":"WebSite","@id":"https:\/\/zelaiaastrabudua.com\/#website","url":"https:\/\/zelaiaastrabudua.com\/","name":"Zelaia Astrabudua","description":"Fruta eta barazkien txikizkako salmenta","publisher":{"@id":"https:\/\/zelaiaastrabudua.com\/#organization"},"potentialAction":[{"@type":"SearchAction","target":{"@type":"EntryPoint","urlTemplate":"https:\/\/zelaiaastrabudua.com\/?s={search_term_string}"},"query-input":{"@type":"PropertyValueSpecification","valueRequired":true,"valueName":"search_term_string"}}],"inLanguage":"eu"},{"@type":"Organization","@id":"https:\/\/zelaiaastrabudua.com\/#organization","name":"Zelaia Astrabudua","url":"https:\/\/zelaiaastrabudua.com\/","logo":{"@type":"ImageObject","inLanguage":"eu","@id":"https:\/\/zelaiaastrabudua.com\/#\/schema\/logo\/image\/","url":"https:\/\/zelaiaastrabudua.com\/wp-content\/uploads\/2026\/01\/cropped-frutazelaiastrabudua202601_logo_web.png","contentUrl":"https:\/\/zelaiaastrabudua.com\/wp-content\/uploads\/2026\/01\/cropped-frutazelaiastrabudua202601_logo_web.png","width":2250,"height":2250,"caption":"Zelaia Astrabudua"},"image":{"@id":"https:\/\/zelaiaastrabudua.com\/#\/schema\/logo\/image\/"}}]}},"_links":{"self":[{"href":"https:\/\/zelaiaastrabudua.com\/eu\/wp-json\/wp\/v2\/pages\/17","targetHints":{"allow":["GET"]}}],"collection":[{"href":"https:\/\/zelaiaastrabudua.com\/eu\/wp-json\/wp\/v2\/pages"}],"about":[{"href":"https:\/\/zelaiaastrabudua.com\/eu\/wp-json\/wp\/v2\/types\/page"}],"author":[{"embeddable":true,"href":"https:\/\/zelaiaastrabudua.com\/eu\/wp-json\/wp\/v2\/users\/1"}],"replies":[{"embeddable":true,"href":"https:\/\/zelaiaastrabudua.com\/eu\/wp-json\/wp\/v2\/comments?post=17"}],"version-history":[{"count":58,"href":"https:\/\/zelaiaastrabudua.com\/eu\/wp-json\/wp\/v2\/pages\/17\/revisions"}],"predecessor-version":[{"id":218,"href":"https:\/\/zelaiaastrabudua.com\/eu\/wp-json\/wp\/v2\/pages\/17\/revisions\/218"}],"wp:attachment":[{"href":"https:\/\/zelaiaastrabudua.com\/eu\/wp-json\/wp\/v2\/media?parent=17"}],"curies":[{"name":"wp","href":"https:\/\/api.w.org\/{rel}","templated":true}]}}